{"id":20,"date":"2019-02-03T02:04:14","date_gmt":"2019-02-02T23:04:14","guid":{"rendered":"http:\/\/localhost\/maksan\/en\/?page_id=20"},"modified":"2025-04-14T19:04:56","modified_gmt":"2025-04-14T16:04:56","slug":"contact","status":"publish","type":"page","link":"https:\/\/www.maksan.com.tr\/en\/contact\/","title":{"rendered":"Contact"},"content":{"rendered":"<p><iframe loading=\"lazy\" style=\"border: 0;\" src=\"https:\/\/www.google.com\/maps\/embed?pb=!1m18!1m12!1m3!1d3129.256486976269!2d38.41356131520408!3d38.343045187033745!2m3!1f0!2f0!3f0!3m2!1i1024!2i768!4f13.1!3m3!1m2!1s0x407638261f931a95%3A0x85661b8893be4c72!2sMaksan%20Transformer!5e0!3m2!1str!2sbe!4v1647460771371!5m2!1str!2sbe\" width=\"100%\" height=\"450\" allowfullscreen=\"allowfullscreen\"><\/iframe><\/p>\n<div class=\"row iletisim\">\n<div class=\"col-sm-6\">\n<table>\n<tbody>\n<tr>\n<th style=\"background: #00466A;\" colspan=\"2\">SALES AND SERV\u0130CE DEPARTMENT<\/th>\n<\/tr>\n<tr>\n<th style=\"background: #505253;\" colspan=\"2\">BURAK TUNCER (Domestic&amp;Abroad Sales Officer)<\/th>\n<\/tr>\n<tr>\n<td><i class=\"fa fa-phone\" aria-hidden=\"true\"><\/i> Phone<\/td>\n<td>+90 (422) 341 00 90 &#8211; Ext: 174<\/td>\n<\/tr>\n<tr>\n<td><i class=\"fa fa-mobile\" aria-hidden=\"true\"><\/i> Mobile<\/td>\n<td>+90 531 261 86 40<\/td>\n<\/tr>\n<tr>\n<td><i class=\"fa fa-envelope-o\" aria-hidden=\"true\"><\/i> E-Mail<\/td>\n<td>btuncer@maksan.com.tr ; sales@maksan.com.tr<\/td>\n<\/tr>\n<tr>\n<th style=\"background: #505253;\" colspan=\"2\">B\u0130LAL \u00d6ZKARAMAN (Accounting &#038; Finance)<\/th>\n<\/tr>\n<tr>\n<td><i class=\"fa fa-phone\" aria-hidden=\"true\"><\/i> Phone<\/td>\n<td>+90 (422) 341 00 90 &#8211; Ext: 159 \/ 161<\/td>\n<\/tr>\n<tr>\n<td><i class=\"fa fa-mobile\" aria-hidden=\"true\"><\/i> Mobile<\/td>\n<td>+90 533 075 35 11 <\/td>\n<\/tr>\n<tr>\n<td><i class=\"fa fa-envelope-o\" aria-hidden=\"true\"><\/i> E-Mail<\/td>\n<td>muhasebe@maksan.com.tr<\/td>\n<\/tr>\n<tr>\n<th style=\"background: #505253;\" colspan=\"2\">K\u00dcBRA KELE\u015e (Service and maintenance officer)<\/th>\n<\/tr>\n<tr>\n<td><i class=\"fa fa-phone\" aria-hidden=\"true\"><\/i> Phone<\/td>\n<td>+90 (422) 341 00 90 &#8211; D: 173<\/td>\n<\/tr>\n<tr>\n<td><i class=\"fa fa-mobile\" aria-hidden=\"true\"><\/i> Mobile<\/td>\n<td>+90 533 075 35 10<\/td>\n<\/tr>\n<tr>\n<td><i class=\"fa fa-envelope-o\" aria-hidden=\"true\"><\/i> E-Mail<\/td>\n<td><span class=\"notranslate\">kkeles@maksan.com.tr ; sales@maksan.com.tr<\/span><\/td>\n<\/tr>\n<\/tbody>\n<\/table>\n<\/div>\n<div class=\"col-sm-6\">\n<table>\n<tbody>\n<tr>\n<th colspan=\"2\">CENTER FACTORY<\/th>\n<\/tr>\n<tr>\n<td><i class=\"fa fa-map-marker\" aria-hidden=\"true\"><\/i> Address<\/td>\n<td>\u00dcniversite Mah. Elaz\u0131\u011f Bulvar\u0131 No: 62 Battalgazi \/ MALATYA<br \/>\n(Elaz\u0131\u011f Karayolu 9.km)<\/td>\n<\/tr>\n<tr>\n<td><i class=\"fa fa-phone\" aria-hidden=\"true\"><\/i> Phone<\/td>\n<td>90 (422) 341 00 90 (pbx)<\/td>\n<\/tr>\n<tr>\n<td><i class=\"fa fa-fax\" aria-hidden=\"true\"><\/i> Fax<\/td>\n<td>90 (422) 341 00 99<\/td>\n<\/tr>\n<tr>\n<td><i class=\"fa fa-envelope-o\" aria-hidden=\"true\"><\/i> E-Mail<\/td>\n<td>maksan@maksan.com.tr<\/td>\n<\/tr>\n<tr>\n<td style=\"width: 125px;\"><i class=\"fa fa-envelope-o\" aria-hidden=\"true\"><\/i> KEP Adress<\/td>\n<td><span class=\"notranslate\">maksan@hs03.kep.tr<\/span><\/td>\n<\/tr>\n<tr>\n<th colspan=\"2\">\u0130STANBUL BRANCH<\/th>\n<\/tr>\n<tr>\n<td><i class=\"fa fa-map-marker\" aria-hidden=\"true\"><\/i> Address<\/td>\n<td><span class=\"notranslate\">Y\u0131ld\u0131z posta Caddesi Ak\u0131n sitesi No:12 \/ 72<br \/>\nGayrettepe | \u0130STANBUL<\/span><\/td>\n<\/tr>\n<tr>\n<td><i class=\"fa fa-phone\" aria-hidden=\"true\"><\/i> Phone<\/td>\n<td>0 (212) 274 37 07 (pbx)<\/td>\n<\/tr>\n<tr>\n<td><i class=\"fa fa-fax\" aria-hidden=\"true\"><\/i> Fax<\/td>\n<td>0 (212) 274 37 05<\/td>\n<\/tr>\n<tr>\n<td style=\"width: 100px;\"><i class=\"fa fa-envelope-o\" aria-hidden=\"true\"><\/i> E-Mail<\/td>\n<td>maksanist@maksan.com.tr<\/td>\n<\/tr>\n<\/tbody>\n<\/table>\n<\/div>\n<div class=\"col-sm-12\" style=\"margin-top: 20px;\">\n<table>\n<tbody>\n<tr>\n<th>COMMUNICATION COMPLAINTS AND REQUEST FORM<\/th>\n<\/tr>\n<tr>\n<td><div role=\"form\" class=\"wpcf7\" id=\"wpcf7-f107-o1\" lang=\"en-US\" dir=\"ltr\">\n<div class=\"screen-reader-response\"><p role=\"status\" aria-live=\"polite\" aria-atomic=\"true\"><\/p> <ul><\/ul><\/div>\n<form action=\"\/en\/wp-json\/wp\/v2\/pages\/20#wpcf7-f107-o1\" method=\"post\" class=\"wpcf7-form init\" novalidate=\"novalidate\" data-status=\"init\">\n<div style=\"display: none;\">\n<input type=\"hidden\" name=\"_wpcf7\" value=\"107\" \/>\n<input type=\"hidden\" name=\"_wpcf7_version\" value=\"5.6.2\" \/>\n<input type=\"hidden\" name=\"_wpcf7_locale\" value=\"en_US\" \/>\n<input type=\"hidden\" name=\"_wpcf7_unit_tag\" value=\"wpcf7-f107-o1\" \/>\n<input type=\"hidden\" name=\"_wpcf7_container_post\" value=\"0\" \/>\n<input type=\"hidden\" name=\"_wpcf7_posted_data_hash\" value=\"\" \/>\n<\/div>\n<p><label> Your Name (required)<br \/>\n    <span class=\"wpcf7-form-control-wrap\" data-name=\"your-name\"><input type=\"text\" name=\"your-name\" value=\"\" size=\"40\" class=\"wpcf7-form-control wpcf7-text wpcf7-validates-as-required\" aria-required=\"true\" aria-invalid=\"false\" \/><\/span> <\/label><\/p>\n<p><label> Your Email (required)<br \/>\n    <span class=\"wpcf7-form-control-wrap\" data-name=\"your-email\"><input type=\"email\" name=\"your-email\" value=\"\" size=\"40\" class=\"wpcf7-form-control wpcf7-text wpcf7-email wpcf7-validates-as-required wpcf7-validates-as-email\" aria-required=\"true\" aria-invalid=\"false\" \/><\/span> <\/label><\/p>\n<p><label> Subject<br \/>\n    <span class=\"wpcf7-form-control-wrap\" data-name=\"your-subject\"><input type=\"text\" name=\"your-subject\" value=\"\" size=\"40\" class=\"wpcf7-form-control wpcf7-text\" aria-invalid=\"false\" \/><\/span> <\/label><\/p>\n<p><label> Your Message<br \/>\n    <span class=\"wpcf7-form-control-wrap\" data-name=\"your-message\"><textarea name=\"your-message\" cols=\"40\" rows=\"10\" class=\"wpcf7-form-control wpcf7-textarea\" aria-invalid=\"false\"><\/textarea><\/span> <\/label><\/p>\n<p><input type=\"submit\" value=\"Send\" class=\"wpcf7-form-control has-spinner wpcf7-submit\" \/><\/p>\n<div class=\"wpcf7-response-output\" aria-hidden=\"true\"><\/div><\/form><\/div><\/td>\n<\/tr>\n<\/tbody>\n<\/table>\n<\/div>\n<\/div>\n","protected":false},"excerpt":{"rendered":"<p>SALES AND SERV\u0130CE DEPARTMENT BURAK TUNCER (Domestic&amp;Abroad Sales Officer) Phone +90 (422) 341 00 90 &#8211; Ext: 174 Mobile +90 531 261 86 40 E-Mail btuncer@maksan.com.tr ; sales@maksan.com.tr B\u0130LAL \u00d6ZKARAMAN (Accounting &#038; Finance) Phone +90 (422) 341 00 90 &#8211; Ext: 159 \/ 161 Mobile +90 533 075 35 11 E-Mail muhasebe@maksan.com.tr K\u00dcBRA KELE\u015e (Service<\/p>\n","protected":false},"author":1,"featured_media":0,"parent":0,"menu_order":0,"comment_status":"closed","ping_status":"closed","template":"fullwidth.php","meta":[],"aioseo_notices":[],"_links":{"self":[{"href":"https:\/\/www.maksan.com.tr\/en\/wp-json\/wp\/v2\/pages\/20"}],"collection":[{"href":"https:\/\/www.maksan.com.tr\/en\/wp-json\/wp\/v2\/pages"}],"about":[{"href":"https:\/\/www.maksan.com.tr\/en\/wp-json\/wp\/v2\/types\/page"}],"author":[{"embeddable":true,"href":"https:\/\/www.maksan.com.tr\/en\/wp-json\/wp\/v2\/users\/1"}],"replies":[{"embeddable":true,"href":"https:\/\/www.maksan.com.tr\/en\/wp-json\/wp\/v2\/comments?post=20"}],"version-history":[{"count":53,"href":"https:\/\/www.maksan.com.tr\/en\/wp-json\/wp\/v2\/pages\/20\/revisions"}],"predecessor-version":[{"id":372,"href":"https:\/\/www.maksan.com.tr\/en\/wp-json\/wp\/v2\/pages\/20\/revisions\/372"}],"wp:attachment":[{"href":"https:\/\/www.maksan.com.tr\/en\/wp-json\/wp\/v2\/media?parent=20"}],"curies":[{"name":"wp","href":"https:\/\/api.w.org\/{rel}","templated":true}]}}